{"id":1943,"date":"2024-12-11T17:03:42","date_gmt":"2024-12-11T16:03:42","guid":{"rendered":"https:\/\/www.meininger-jumpsuits.de\/?post_type=product&#038;p=1943"},"modified":"2026-03-24T11:53:52","modified_gmt":"2026-03-24T10:53:52","slug":"158-upper-body-white-pants-blue","status":"publish","type":"product","link":"https:\/\/www.meininger-jumpsuits.de\/en\/produkt\/158-upper-body-white-pants-blue\/","title":{"rendered":"158 Upper body white \/ pants blue"},"content":{"rendered":"<p>Ready-made ski jumping suit available from stock.<\/p>\n<p><strong>Size:<\/strong> 158<\/p>\n<p><strong>Colors:<\/strong><br \/>\nUpper body white \/ pants blue<\/p>\n","protected":false},"excerpt":{"rendered":"<p>Ready-made ski jumping suit available from stock. Size: 158 Colors:  [&#8230;]<\/p>\n","protected":false},"featured_media":0,"template":"","meta":[],"product_brand":[],"product_cat":[116],"product_tag":[],"class_list":{"0":"post-1943","1":"product","2":"type-product","3":"status-publish","5":"product_cat-factory-outlet-en","6":"tm-no-options","8":"first","9":"instock","10":"taxable","11":"shipping-taxable","12":"purchasable","13":"product-type-simple"},"yoast_head":"<!-- This site is optimized with the Yoast SEO plugin v27.5 - https:\/\/yoast.com\/product\/yoast-seo-wordpress\/ -->\n<title>158 Upper body white \/ pants blue - MEININGER JUMPSUITS<\/title>\n<meta name=\"robots\" content=\"index, follow, max-snippet:-1, max-image-preview:large, max-video-preview:-1\" \/>\n<link rel=\"canonical\" href=\"https:\/\/www.meininger-jumpsuits.de\/en\/produkt\/158-upper-body-white-pants-blue\/\" \/>\n<meta property=\"og:locale\" content=\"en_US\" \/>\n<meta property=\"og:type\" content=\"article\" \/>\n<meta property=\"og:title\" content=\"158 Upper body white \/ pants blue - MEININGER JUMPSUITS\" \/>\n<meta property=\"og:description\" content=\"Ready-made ski jumping suit available from stock. Size: 158 Colors: [...]\" \/>\n<meta property=\"og:url\" content=\"https:\/\/www.meininger-jumpsuits.de\/en\/produkt\/158-upper-body-white-pants-blue\/\" \/>\n<meta property=\"og:site_name\" content=\"MEININGER JUMPSUITS\" \/>\n<meta property=\"article:modified_time\" content=\"2026-03-24T10:53:52+00:00\" \/>\n<meta name=\"twitter:card\" content=\"summary_large_image\" \/>\n<meta name=\"twitter:label1\" content=\"Est. reading time\" \/>\n\t<meta name=\"twitter:data1\" content=\"1 minute\" \/>\n<script type=\"application\/ld+json\" class=\"yoast-schema-graph\">{\"@context\":\"https:\\\/\\\/schema.org\",\"@graph\":[{\"@type\":\"WebPage\",\"@id\":\"https:\\\/\\\/www.meininger-jumpsuits.de\\\/en\\\/produkt\\\/158-upper-body-white-pants-blue\\\/\",\"url\":\"https:\\\/\\\/www.meininger-jumpsuits.de\\\/en\\\/produkt\\\/158-upper-body-white-pants-blue\\\/\",\"name\":\"158 Upper body white \\\/ pants blue - MEININGER JUMPSUITS\",\"isPartOf\":{\"@id\":\"https:\\\/\\\/www.meininger-jumpsuits.de\\\/en\\\/#website\"},\"datePublished\":\"2024-12-11T16:03:42+00:00\",\"dateModified\":\"2026-03-24T10:53:52+00:00\",\"breadcrumb\":{\"@id\":\"https:\\\/\\\/www.meininger-jumpsuits.de\\\/en\\\/produkt\\\/158-upper-body-white-pants-blue\\\/#breadcrumb\"},\"inLanguage\":\"en-US\",\"potentialAction\":[{\"@type\":\"ReadAction\",\"target\":[\"https:\\\/\\\/www.meininger-jumpsuits.de\\\/en\\\/produkt\\\/158-upper-body-white-pants-blue\\\/\"]}]},{\"@type\":\"BreadcrumbList\",\"@id\":\"https:\\\/\\\/www.meininger-jumpsuits.de\\\/en\\\/produkt\\\/158-upper-body-white-pants-blue\\\/#breadcrumb\",\"itemListElement\":[{\"@type\":\"ListItem\",\"position\":1,\"name\":\"Startseite\",\"item\":\"https:\\\/\\\/www.meininger-jumpsuits.de\\\/en\\\/\"},{\"@type\":\"ListItem\",\"position\":2,\"name\":\"Shop\",\"item\":\"https:\\\/\\\/www.meininger-jumpsuits.de\\\/en\\\/shop\\\/\"},{\"@type\":\"ListItem\",\"position\":3,\"name\":\"158 Upper body white \\\/ pants blue\"}]},{\"@type\":\"WebSite\",\"@id\":\"https:\\\/\\\/www.meininger-jumpsuits.de\\\/en\\\/#website\",\"url\":\"https:\\\/\\\/www.meininger-jumpsuits.de\\\/en\\\/\",\"name\":\"MEININGER JUMPSUITS\",\"description\":\"Skispringeranz\u00fcge, Ski Jump Suits, Anz\u00fcge f\u00fcr Skispringer\",\"publisher\":{\"@id\":\"https:\\\/\\\/www.meininger-jumpsuits.de\\\/en\\\/#organization\"},\"potentialAction\":[{\"@type\":\"SearchAction\",\"target\":{\"@type\":\"EntryPoint\",\"urlTemplate\":\"https:\\\/\\\/www.meininger-jumpsuits.de\\\/en\\\/?s={search_term_string}\"},\"query-input\":{\"@type\":\"PropertyValueSpecification\",\"valueRequired\":true,\"valueName\":\"search_term_string\"}}],\"inLanguage\":\"en-US\"},{\"@type\":\"Organization\",\"@id\":\"https:\\\/\\\/www.meininger-jumpsuits.de\\\/en\\\/#organization\",\"name\":\"MEININGER JUMPSUITS\",\"url\":\"https:\\\/\\\/www.meininger-jumpsuits.de\\\/en\\\/\",\"logo\":{\"@type\":\"ImageObject\",\"inLanguage\":\"en-US\",\"@id\":\"https:\\\/\\\/www.meininger-jumpsuits.de\\\/en\\\/#\\\/schema\\\/logo\\\/image\\\/\",\"url\":\"https:\\\/\\\/www.meininger-jumpsuits.de\\\/wp-content\\\/uploads\\\/2024\\\/10\\\/logo_meininger_600px.png\",\"contentUrl\":\"https:\\\/\\\/www.meininger-jumpsuits.de\\\/wp-content\\\/uploads\\\/2024\\\/10\\\/logo_meininger_600px.png\",\"width\":600,\"height\":114,\"caption\":\"MEININGER JUMPSUITS\"},\"image\":{\"@id\":\"https:\\\/\\\/www.meininger-jumpsuits.de\\\/en\\\/#\\\/schema\\\/logo\\\/image\\\/\"}}]}<\/script>\n<!-- \/ Yoast SEO plugin. -->","yoast_head_json":{"title":"158 Upper body white \/ pants blue - MEININGER JUMPSUITS","robots":{"index":"index","follow":"follow","max-snippet":"max-snippet:-1","max-image-preview":"max-image-preview:large","max-video-preview":"max-video-preview:-1"},"canonical":"https:\/\/www.meininger-jumpsuits.de\/en\/produkt\/158-upper-body-white-pants-blue\/","og_locale":"en_US","og_type":"article","og_title":"158 Upper body white \/ pants blue - MEININGER JUMPSUITS","og_description":"Ready-made ski jumping suit available from stock. Size: 158 Colors: [...]","og_url":"https:\/\/www.meininger-jumpsuits.de\/en\/produkt\/158-upper-body-white-pants-blue\/","og_site_name":"MEININGER JUMPSUITS","article_modified_time":"2026-03-24T10:53:52+00:00","twitter_card":"summary_large_image","twitter_misc":{"Est. reading time":"1 minute"},"schema":{"@context":"https:\/\/schema.org","@graph":[{"@type":"WebPage","@id":"https:\/\/www.meininger-jumpsuits.de\/en\/produkt\/158-upper-body-white-pants-blue\/","url":"https:\/\/www.meininger-jumpsuits.de\/en\/produkt\/158-upper-body-white-pants-blue\/","name":"158 Upper body white \/ pants blue - MEININGER JUMPSUITS","isPartOf":{"@id":"https:\/\/www.meininger-jumpsuits.de\/en\/#website"},"datePublished":"2024-12-11T16:03:42+00:00","dateModified":"2026-03-24T10:53:52+00:00","breadcrumb":{"@id":"https:\/\/www.meininger-jumpsuits.de\/en\/produkt\/158-upper-body-white-pants-blue\/#breadcrumb"},"inLanguage":"en-US","potentialAction":[{"@type":"ReadAction","target":["https:\/\/www.meininger-jumpsuits.de\/en\/produkt\/158-upper-body-white-pants-blue\/"]}]},{"@type":"BreadcrumbList","@id":"https:\/\/www.meininger-jumpsuits.de\/en\/produkt\/158-upper-body-white-pants-blue\/#breadcrumb","itemListElement":[{"@type":"ListItem","position":1,"name":"Startseite","item":"https:\/\/www.meininger-jumpsuits.de\/en\/"},{"@type":"ListItem","position":2,"name":"Shop","item":"https:\/\/www.meininger-jumpsuits.de\/en\/shop\/"},{"@type":"ListItem","position":3,"name":"158 Upper body white \/ pants blue"}]},{"@type":"WebSite","@id":"https:\/\/www.meininger-jumpsuits.de\/en\/#website","url":"https:\/\/www.meininger-jumpsuits.de\/en\/","name":"MEININGER JUMPSUITS","description":"Skispringeranz\u00fcge, Ski Jump Suits, Anz\u00fcge f\u00fcr Skispringer","publisher":{"@id":"https:\/\/www.meininger-jumpsuits.de\/en\/#organization"},"potentialAction":[{"@type":"SearchAction","target":{"@type":"EntryPoint","urlTemplate":"https:\/\/www.meininger-jumpsuits.de\/en\/?s={search_term_string}"},"query-input":{"@type":"PropertyValueSpecification","valueRequired":true,"valueName":"search_term_string"}}],"inLanguage":"en-US"},{"@type":"Organization","@id":"https:\/\/www.meininger-jumpsuits.de\/en\/#organization","name":"MEININGER JUMPSUITS","url":"https:\/\/www.meininger-jumpsuits.de\/en\/","logo":{"@type":"ImageObject","inLanguage":"en-US","@id":"https:\/\/www.meininger-jumpsuits.de\/en\/#\/schema\/logo\/image\/","url":"https:\/\/www.meininger-jumpsuits.de\/wp-content\/uploads\/2024\/10\/logo_meininger_600px.png","contentUrl":"https:\/\/www.meininger-jumpsuits.de\/wp-content\/uploads\/2024\/10\/logo_meininger_600px.png","width":600,"height":114,"caption":"MEININGER JUMPSUITS"},"image":{"@id":"https:\/\/www.meininger-jumpsuits.de\/en\/#\/schema\/logo\/image\/"}}]}},"_links":{"self":[{"href":"https:\/\/www.meininger-jumpsuits.de\/en\/wp-json\/wp\/v2\/product\/1943","targetHints":{"allow":["GET"]}}],"collection":[{"href":"https:\/\/www.meininger-jumpsuits.de\/en\/wp-json\/wp\/v2\/product"}],"about":[{"href":"https:\/\/www.meininger-jumpsuits.de\/en\/wp-json\/wp\/v2\/types\/product"}],"wp:attachment":[{"href":"https:\/\/www.meininger-jumpsuits.de\/en\/wp-json\/wp\/v2\/media?parent=1943"}],"wp:term":[{"taxonomy":"product_brand","embeddable":true,"href":"https:\/\/www.meininger-jumpsuits.de\/en\/wp-json\/wp\/v2\/product_brand?post=1943"},{"taxonomy":"product_cat","embeddable":true,"href":"https:\/\/www.meininger-jumpsuits.de\/en\/wp-json\/wp\/v2\/product_cat?post=1943"},{"taxonomy":"product_tag","embeddable":true,"href":"https:\/\/www.meininger-jumpsuits.de\/en\/wp-json\/wp\/v2\/product_tag?post=1943"}],"curies":[{"name":"wp","href":"https:\/\/api.w.org\/{rel}","templated":true}]}}