{"id":1316,"date":"2024-10-29T14:53:27","date_gmt":"2024-10-29T13:53:27","guid":{"rendered":"https:\/\/www.meininger-jumpsuits.de\/produkt\/eco-jump\/"},"modified":"2024-11-21T14:37:18","modified_gmt":"2024-11-21T13:37:18","slug":"eco-jump","status":"publish","type":"product","link":"https:\/\/www.meininger-jumpsuits.de\/en\/produkt\/eco-jump\/","title":{"rendered":"ECO Jump"},"content":{"rendered":"<p>We recommend the ECO Jump model for all those who are not subject to strict fit and air permeability controls at competitions. Production is carried out in standard sizes only and without pre-control of air permeability, which is naturally subject to slight fluctuations. <a href=\"\/showroom\/eco-jump\/\">You can find<u>a table of standard sizes<\/u> in the ECO Jump showroom<\/a>. <\/p>\n<p>The ECO Jump model is available in men&#8217;s and women&#8217;s cuts!<\/p>\n","protected":false},"excerpt":{"rendered":"<p>We recommend the ECO Jump model for all those who  [&#8230;]<\/p>\n","protected":false},"featured_media":1211,"template":"","meta":[],"product_brand":[],"product_cat":[119],"product_tag":[],"class_list":{"0":"post-1316","1":"product","2":"type-product","3":"status-publish","4":"has-post-thumbnail","6":"product_cat-ski-jumping-suits","7":"tm-has-options","9":"first","10":"instock","11":"taxable","12":"shipping-taxable","13":"purchasable","14":"product-type-variable"},"yoast_head":"<!-- This site is optimized with the Yoast SEO plugin v27.5 - https:\/\/yoast.com\/product\/yoast-seo-wordpress\/ -->\n<title>ECO Jump - MEININGER JUMPSUITS<\/title>\n<meta name=\"robots\" content=\"index, follow, max-snippet:-1, max-image-preview:large, max-video-preview:-1\" \/>\n<link rel=\"canonical\" href=\"https:\/\/www.meininger-jumpsuits.de\/en\/produkt\/eco-jump\/\" \/>\n<meta property=\"og:locale\" content=\"en_US\" \/>\n<meta property=\"og:type\" content=\"article\" \/>\n<meta property=\"og:title\" content=\"ECO Jump - MEININGER JUMPSUITS\" \/>\n<meta property=\"og:description\" content=\"We recommend the ECO Jump model for all those who [...]\" \/>\n<meta property=\"og:url\" content=\"https:\/\/www.meininger-jumpsuits.de\/en\/produkt\/eco-jump\/\" \/>\n<meta property=\"og:site_name\" content=\"MEININGER JUMPSUITS\" \/>\n<meta property=\"article:modified_time\" content=\"2024-11-21T13:37:18+00:00\" \/>\n<meta property=\"og:image\" content=\"https:\/\/www.meininger-jumpsuits.de\/wp-content\/uploads\/2024\/10\/ECO-2024_1000x1200px_grau.jpg\" \/>\n\t<meta property=\"og:image:width\" content=\"1000\" \/>\n\t<meta property=\"og:image:height\" content=\"1200\" \/>\n\t<meta property=\"og:image:type\" content=\"image\/jpeg\" \/>\n<meta name=\"twitter:card\" content=\"summary_large_image\" \/>\n<script type=\"application\/ld+json\" class=\"yoast-schema-graph\">{\"@context\":\"https:\\\/\\\/schema.org\",\"@graph\":[{\"@type\":\"WebPage\",\"@id\":\"https:\\\/\\\/www.meininger-jumpsuits.de\\\/en\\\/produkt\\\/eco-jump\\\/\",\"url\":\"https:\\\/\\\/www.meininger-jumpsuits.de\\\/en\\\/produkt\\\/eco-jump\\\/\",\"name\":\"ECO Jump - MEININGER JUMPSUITS\",\"isPartOf\":{\"@id\":\"https:\\\/\\\/www.meininger-jumpsuits.de\\\/en\\\/#website\"},\"primaryImageOfPage\":{\"@id\":\"https:\\\/\\\/www.meininger-jumpsuits.de\\\/en\\\/produkt\\\/eco-jump\\\/#primaryimage\"},\"image\":{\"@id\":\"https:\\\/\\\/www.meininger-jumpsuits.de\\\/en\\\/produkt\\\/eco-jump\\\/#primaryimage\"},\"thumbnailUrl\":\"https:\\\/\\\/www.meininger-jumpsuits.de\\\/wp-content\\\/uploads\\\/2024\\\/10\\\/ECO-2024_1000x1200px_grau.jpg\",\"datePublished\":\"2024-10-29T13:53:27+00:00\",\"dateModified\":\"2024-11-21T13:37:18+00:00\",\"breadcrumb\":{\"@id\":\"https:\\\/\\\/www.meininger-jumpsuits.de\\\/en\\\/produkt\\\/eco-jump\\\/#breadcrumb\"},\"inLanguage\":\"en-US\",\"potentialAction\":[{\"@type\":\"ReadAction\",\"target\":[\"https:\\\/\\\/www.meininger-jumpsuits.de\\\/en\\\/produkt\\\/eco-jump\\\/\"]}]},{\"@type\":\"ImageObject\",\"inLanguage\":\"en-US\",\"@id\":\"https:\\\/\\\/www.meininger-jumpsuits.de\\\/en\\\/produkt\\\/eco-jump\\\/#primaryimage\",\"url\":\"https:\\\/\\\/www.meininger-jumpsuits.de\\\/wp-content\\\/uploads\\\/2024\\\/10\\\/ECO-2024_1000x1200px_grau.jpg\",\"contentUrl\":\"https:\\\/\\\/www.meininger-jumpsuits.de\\\/wp-content\\\/uploads\\\/2024\\\/10\\\/ECO-2024_1000x1200px_grau.jpg\",\"width\":1000,\"height\":1200},{\"@type\":\"BreadcrumbList\",\"@id\":\"https:\\\/\\\/www.meininger-jumpsuits.de\\\/en\\\/produkt\\\/eco-jump\\\/#breadcrumb\",\"itemListElement\":[{\"@type\":\"ListItem\",\"position\":1,\"name\":\"Startseite\",\"item\":\"https:\\\/\\\/www.meininger-jumpsuits.de\\\/en\\\/\"},{\"@type\":\"ListItem\",\"position\":2,\"name\":\"Shop\",\"item\":\"https:\\\/\\\/www.meininger-jumpsuits.de\\\/en\\\/shop\\\/\"},{\"@type\":\"ListItem\",\"position\":3,\"name\":\"ECO Jump\"}]},{\"@type\":\"WebSite\",\"@id\":\"https:\\\/\\\/www.meininger-jumpsuits.de\\\/en\\\/#website\",\"url\":\"https:\\\/\\\/www.meininger-jumpsuits.de\\\/en\\\/\",\"name\":\"MEININGER JUMPSUITS\",\"description\":\"Skispringeranz\u00fcge, Ski Jump Suits, Anz\u00fcge f\u00fcr Skispringer\",\"publisher\":{\"@id\":\"https:\\\/\\\/www.meininger-jumpsuits.de\\\/en\\\/#organization\"},\"potentialAction\":[{\"@type\":\"SearchAction\",\"target\":{\"@type\":\"EntryPoint\",\"urlTemplate\":\"https:\\\/\\\/www.meininger-jumpsuits.de\\\/en\\\/?s={search_term_string}\"},\"query-input\":{\"@type\":\"PropertyValueSpecification\",\"valueRequired\":true,\"valueName\":\"search_term_string\"}}],\"inLanguage\":\"en-US\"},{\"@type\":\"Organization\",\"@id\":\"https:\\\/\\\/www.meininger-jumpsuits.de\\\/en\\\/#organization\",\"name\":\"MEININGER JUMPSUITS\",\"url\":\"https:\\\/\\\/www.meininger-jumpsuits.de\\\/en\\\/\",\"logo\":{\"@type\":\"ImageObject\",\"inLanguage\":\"en-US\",\"@id\":\"https:\\\/\\\/www.meininger-jumpsuits.de\\\/en\\\/#\\\/schema\\\/logo\\\/image\\\/\",\"url\":\"https:\\\/\\\/www.meininger-jumpsuits.de\\\/wp-content\\\/uploads\\\/2024\\\/10\\\/logo_meininger_600px.png\",\"contentUrl\":\"https:\\\/\\\/www.meininger-jumpsuits.de\\\/wp-content\\\/uploads\\\/2024\\\/10\\\/logo_meininger_600px.png\",\"width\":600,\"height\":114,\"caption\":\"MEININGER JUMPSUITS\"},\"image\":{\"@id\":\"https:\\\/\\\/www.meininger-jumpsuits.de\\\/en\\\/#\\\/schema\\\/logo\\\/image\\\/\"}}]}<\/script>\n<!-- \/ Yoast SEO plugin. -->","yoast_head_json":{"title":"ECO Jump - MEININGER JUMPSUITS","robots":{"index":"index","follow":"follow","max-snippet":"max-snippet:-1","max-image-preview":"max-image-preview:large","max-video-preview":"max-video-preview:-1"},"canonical":"https:\/\/www.meininger-jumpsuits.de\/en\/produkt\/eco-jump\/","og_locale":"en_US","og_type":"article","og_title":"ECO Jump - MEININGER JUMPSUITS","og_description":"We recommend the ECO Jump model for all those who [...]","og_url":"https:\/\/www.meininger-jumpsuits.de\/en\/produkt\/eco-jump\/","og_site_name":"MEININGER JUMPSUITS","article_modified_time":"2024-11-21T13:37:18+00:00","og_image":[{"width":1000,"height":1200,"url":"https:\/\/www.meininger-jumpsuits.de\/wp-content\/uploads\/2024\/10\/ECO-2024_1000x1200px_grau.jpg","type":"image\/jpeg"}],"twitter_card":"summary_large_image","schema":{"@context":"https:\/\/schema.org","@graph":[{"@type":"WebPage","@id":"https:\/\/www.meininger-jumpsuits.de\/en\/produkt\/eco-jump\/","url":"https:\/\/www.meininger-jumpsuits.de\/en\/produkt\/eco-jump\/","name":"ECO Jump - MEININGER JUMPSUITS","isPartOf":{"@id":"https:\/\/www.meininger-jumpsuits.de\/en\/#website"},"primaryImageOfPage":{"@id":"https:\/\/www.meininger-jumpsuits.de\/en\/produkt\/eco-jump\/#primaryimage"},"image":{"@id":"https:\/\/www.meininger-jumpsuits.de\/en\/produkt\/eco-jump\/#primaryimage"},"thumbnailUrl":"https:\/\/www.meininger-jumpsuits.de\/wp-content\/uploads\/2024\/10\/ECO-2024_1000x1200px_grau.jpg","datePublished":"2024-10-29T13:53:27+00:00","dateModified":"2024-11-21T13:37:18+00:00","breadcrumb":{"@id":"https:\/\/www.meininger-jumpsuits.de\/en\/produkt\/eco-jump\/#breadcrumb"},"inLanguage":"en-US","potentialAction":[{"@type":"ReadAction","target":["https:\/\/www.meininger-jumpsuits.de\/en\/produkt\/eco-jump\/"]}]},{"@type":"ImageObject","inLanguage":"en-US","@id":"https:\/\/www.meininger-jumpsuits.de\/en\/produkt\/eco-jump\/#primaryimage","url":"https:\/\/www.meininger-jumpsuits.de\/wp-content\/uploads\/2024\/10\/ECO-2024_1000x1200px_grau.jpg","contentUrl":"https:\/\/www.meininger-jumpsuits.de\/wp-content\/uploads\/2024\/10\/ECO-2024_1000x1200px_grau.jpg","width":1000,"height":1200},{"@type":"BreadcrumbList","@id":"https:\/\/www.meininger-jumpsuits.de\/en\/produkt\/eco-jump\/#breadcrumb","itemListElement":[{"@type":"ListItem","position":1,"name":"Startseite","item":"https:\/\/www.meininger-jumpsuits.de\/en\/"},{"@type":"ListItem","position":2,"name":"Shop","item":"https:\/\/www.meininger-jumpsuits.de\/en\/shop\/"},{"@type":"ListItem","position":3,"name":"ECO Jump"}]},{"@type":"WebSite","@id":"https:\/\/www.meininger-jumpsuits.de\/en\/#website","url":"https:\/\/www.meininger-jumpsuits.de\/en\/","name":"MEININGER JUMPSUITS","description":"Skispringeranz\u00fcge, Ski Jump Suits, Anz\u00fcge f\u00fcr Skispringer","publisher":{"@id":"https:\/\/www.meininger-jumpsuits.de\/en\/#organization"},"potentialAction":[{"@type":"SearchAction","target":{"@type":"EntryPoint","urlTemplate":"https:\/\/www.meininger-jumpsuits.de\/en\/?s={search_term_string}"},"query-input":{"@type":"PropertyValueSpecification","valueRequired":true,"valueName":"search_term_string"}}],"inLanguage":"en-US"},{"@type":"Organization","@id":"https:\/\/www.meininger-jumpsuits.de\/en\/#organization","name":"MEININGER JUMPSUITS","url":"https:\/\/www.meininger-jumpsuits.de\/en\/","logo":{"@type":"ImageObject","inLanguage":"en-US","@id":"https:\/\/www.meininger-jumpsuits.de\/en\/#\/schema\/logo\/image\/","url":"https:\/\/www.meininger-jumpsuits.de\/wp-content\/uploads\/2024\/10\/logo_meininger_600px.png","contentUrl":"https:\/\/www.meininger-jumpsuits.de\/wp-content\/uploads\/2024\/10\/logo_meininger_600px.png","width":600,"height":114,"caption":"MEININGER JUMPSUITS"},"image":{"@id":"https:\/\/www.meininger-jumpsuits.de\/en\/#\/schema\/logo\/image\/"}}]}},"_links":{"self":[{"href":"https:\/\/www.meininger-jumpsuits.de\/en\/wp-json\/wp\/v2\/product\/1316","targetHints":{"allow":["GET"]}}],"collection":[{"href":"https:\/\/www.meininger-jumpsuits.de\/en\/wp-json\/wp\/v2\/product"}],"about":[{"href":"https:\/\/www.meininger-jumpsuits.de\/en\/wp-json\/wp\/v2\/types\/product"}],"wp:featuredmedia":[{"embeddable":true,"href":"https:\/\/www.meininger-jumpsuits.de\/en\/wp-json\/wp\/v2\/media\/1211"}],"wp:attachment":[{"href":"https:\/\/www.meininger-jumpsuits.de\/en\/wp-json\/wp\/v2\/media?parent=1316"}],"wp:term":[{"taxonomy":"product_brand","embeddable":true,"href":"https:\/\/www.meininger-jumpsuits.de\/en\/wp-json\/wp\/v2\/product_brand?post=1316"},{"taxonomy":"product_cat","embeddable":true,"href":"https:\/\/www.meininger-jumpsuits.de\/en\/wp-json\/wp\/v2\/product_cat?post=1316"},{"taxonomy":"product_tag","embeddable":true,"href":"https:\/\/www.meininger-jumpsuits.de\/en\/wp-json\/wp\/v2\/product_tag?post=1316"}],"curies":[{"name":"wp","href":"https:\/\/api.w.org\/{rel}","templated":true}]}}