{"id":1287,"date":"2024-11-04T14:59:47","date_gmt":"2024-11-04T13:59:47","guid":{"rendered":"https:\/\/www.meininger-jumpsuits.de\/shipping-costs\/"},"modified":"2024-11-15T15:53:11","modified_gmt":"2024-11-15T14:53:11","slug":"shipping-costs","status":"publish","type":"page","link":"https:\/\/www.meininger-jumpsuits.de\/en\/shipping-costs\/","title":{"rendered":"Shipping costs"},"content":{"rendered":"<p><div class=\"fusion-fullwidth fullwidth-box fusion-builder-row-1 fusion-flex-container has-pattern-background has-mask-background nonhundred-percent-fullwidth non-hundred-percent-height-scrolling\" style=\"--awb-border-radius-top-left:0px;--awb-border-radius-top-right:0px;--awb-border-radius-bottom-right:0px;--awb-border-radius-bottom-left:0px;--awb-padding-bottom:50px;--awb-flex-wrap:wrap;\" ><div class=\"fusion-builder-row fusion-row fusion-flex-align-items-flex-start fusion-flex-content-wrap\" style=\"max-width:1248px;margin-left: calc(-4% \/ 2 );margin-right: calc(-4% \/ 2 );\"><div class=\"fusion-layout-column fusion_builder_column fusion-builder-column-0 fusion_builder_column_1_1 1_1 fusion-flex-column\" style=\"--awb-bg-size:cover;--awb-width-large:100%;--awb-margin-top-large:0px;--awb-spacing-right-large:1.92%;--awb-margin-bottom-large:20px;--awb-spacing-left-large:1.92%;--awb-width-medium:100%;--awb-order-medium:0;--awb-spacing-right-medium:1.92%;--awb-spacing-left-medium:1.92%;--awb-width-small:100%;--awb-order-small:0;--awb-spacing-right-small:1.92%;--awb-spacing-left-small:1.92%;\"><div class=\"fusion-column-wrapper fusion-column-has-shadow fusion-flex-justify-content-flex-start fusion-content-layout-column\"><div class=\"fusion-title title fusion-title-1 fusion-sep-none fusion-title-text fusion-title-size-one\" style=\"--awb-margin-top-small:10px;--awb-margin-right-small:0px;--awb-margin-bottom-small:10px;--awb-margin-left-small:0px;\"><h1 class=\"fusion-title-heading title-heading-left fusion-responsive-typography-calculated\" style=\"margin:0;--fontSize:50;line-height:var(--awb-typography1-line-height);\">Shipping costs and delivery times<\/h1><\/div><\/div><\/div><\/div><\/div><div class=\"fusion-fullwidth fullwidth-box fusion-builder-row-2 fusion-flex-container has-pattern-background has-mask-background nonhundred-percent-fullwidth non-hundred-percent-height-scrolling\" style=\"--awb-border-radius-top-left:0px;--awb-border-radius-top-right:0px;--awb-border-radius-bottom-right:0px;--awb-border-radius-bottom-left:0px;--awb-flex-wrap:wrap;\" ><div class=\"fusion-builder-row fusion-row fusion-flex-align-items-flex-start fusion-flex-content-wrap\" style=\"max-width:1248px;margin-left: calc(-4% \/ 2 );margin-right: calc(-4% \/ 2 );\"><div class=\"fusion-layout-column fusion_builder_column fusion-builder-column-1 fusion_builder_column_2_3 2_3 fusion-flex-column\" style=\"--awb-bg-size:cover;--awb-width-large:66.6666666667%;--awb-margin-top-large:0px;--awb-spacing-right-large:2.88%;--awb-margin-bottom-large:20px;--awb-spacing-left-large:2.88%;--awb-width-medium:66.6666666667%;--awb-order-medium:0;--awb-spacing-right-medium:2.88%;--awb-spacing-left-medium:2.88%;--awb-width-small:100%;--awb-order-small:0;--awb-spacing-right-small:1.92%;--awb-spacing-left-small:1.92%;\"><div class=\"fusion-column-wrapper fusion-column-has-shadow fusion-flex-justify-content-flex-start fusion-content-layout-column\"><div class=\"fusion-text fusion-text-1\"><p>We ship our suits worldwide with DHL and UPS-Express. We have listed the currently valid shipping costs here:<\/p>\n<ul>\n<li>Germany: 7,00 \u20ac<\/li>\n<li>Austria, Switzerland, France, Italy, Slovenia, Czech Republic, Poland: \u20ac 17.00<\/li>\n<li>Finland, Sweden, Estonia: \u20ac 24.00<\/li>\n<li>Norway: 38,50 \u20ac<\/li>\n<li>USA &amp; Canada: 54,00 \u20ac<\/li>\n<li>Japan, Korea, China: 64,00 \u20ac<\/li>\n<\/ul>\n<p>All prices are net prices. Customers from the EU pay the country-specific sales tax on shipping costs. Customers from third countries do not pay VAT and receive a net invoice.<\/p>\n<\/div><\/div><\/div><div class=\"fusion-layout-column fusion_builder_column fusion-builder-column-2 fusion_builder_column_1_3 1_3 fusion-flex-column\" style=\"--awb-bg-size:cover;--awb-width-large:33.3333333333%;--awb-margin-top-large:0px;--awb-spacing-right-large:5.76%;--awb-margin-bottom-large:20px;--awb-spacing-left-large:5.76%;--awb-width-medium:33.3333333333%;--awb-order-medium:0;--awb-spacing-right-medium:5.76%;--awb-spacing-left-medium:5.76%;--awb-width-small:100%;--awb-order-small:0;--awb-spacing-right-small:1.92%;--awb-spacing-left-small:1.92%;\"><div class=\"fusion-column-wrapper fusion-column-has-shadow fusion-flex-justify-content-flex-start fusion-content-layout-column\"><div class=\"fusion-image-element \" style=\"--awb-caption-title-font-family:var(--h2_typography-font-family);--awb-caption-title-font-weight:var(--h2_typography-font-weight);--awb-caption-title-font-style:var(--h2_typography-font-style);--awb-caption-title-size:var(--h2_typography-font-size);--awb-caption-title-transform:var(--h2_typography-text-transform);--awb-caption-title-line-height:var(--h2_typography-line-height);--awb-caption-title-letter-spacing:var(--h2_typography-letter-spacing);\"><span class=\" fusion-imageframe imageframe-none imageframe-1 hover-type-none\"><img decoding=\"async\" width=\"1000\" height=\"1200\" title=\"ECO-2024_1000x1200px_grau\" src=\"https:\/\/www.meininger-jumpsuits.de\/wp-content\/uploads\/2024\/10\/ECO-2024_1000x1200px_grau.jpg\" data-orig-src=\"https:\/\/www.meininger-jumpsuits.de\/wp-content\/uploads\/2024\/10\/ECO-2024_1000x1200px_grau.jpg\" alt class=\"lazyload img-responsive wp-image-1211\" srcset=\"data:image\/svg+xml,%3Csvg%20xmlns%3D%27http%3A%2F%2Fwww.w3.org%2F2000%2Fsvg%27%20width%3D%271000%27%20height%3D%271200%27%20viewBox%3D%270%200%201000%201200%27%3E%3Crect%20width%3D%271000%27%20height%3D%271200%27%20fill-opacity%3D%220%22%2F%3E%3C%2Fsvg%3E\" data-srcset=\"https:\/\/www.meininger-jumpsuits.de\/wp-content\/uploads\/2024\/10\/ECO-2024_1000x1200px_grau-200x240.jpg 200w, https:\/\/www.meininger-jumpsuits.de\/wp-content\/uploads\/2024\/10\/ECO-2024_1000x1200px_grau-400x480.jpg 400w, https:\/\/www.meininger-jumpsuits.de\/wp-content\/uploads\/2024\/10\/ECO-2024_1000x1200px_grau-600x720.jpg 600w, https:\/\/www.meininger-jumpsuits.de\/wp-content\/uploads\/2024\/10\/ECO-2024_1000x1200px_grau-800x960.jpg 800w, https:\/\/www.meininger-jumpsuits.de\/wp-content\/uploads\/2024\/10\/ECO-2024_1000x1200px_grau.jpg 1000w\" data-sizes=\"auto\" data-orig-sizes=\"(max-width: 640px) 100vw, 400px\" \/><\/span><\/div><\/div><\/div><\/div><\/div><\/p>\n","protected":false},"excerpt":{"rendered":"","protected":false},"author":1,"featured_media":0,"parent":0,"menu_order":0,"comment_status":"closed","ping_status":"closed","template":"100-width.php","meta":{"footnotes":""},"class_list":["post-1287","page","type-page","status-publish","hentry"],"yoast_head":"<!-- This site is optimized with the Yoast SEO plugin v27.3 - https:\/\/yoast.com\/product\/yoast-seo-wordpress\/ -->\n<title>Shipping costs - MEININGER JUMPSUITS<\/title>\n<meta name=\"robots\" content=\"index, follow, max-snippet:-1, max-image-preview:large, max-video-preview:-1\" \/>\n<link rel=\"canonical\" href=\"https:\/\/www.meininger-jumpsuits.de\/en\/shipping-costs\/\" \/>\n<meta property=\"og:locale\" content=\"en_US\" \/>\n<meta property=\"og:type\" content=\"article\" \/>\n<meta property=\"og:title\" content=\"Shipping costs - MEININGER JUMPSUITS\" \/>\n<meta property=\"og:url\" content=\"https:\/\/www.meininger-jumpsuits.de\/en\/shipping-costs\/\" \/>\n<meta property=\"og:site_name\" content=\"MEININGER JUMPSUITS\" \/>\n<meta property=\"article:modified_time\" content=\"2024-11-15T14:53:11+00:00\" \/>\n<meta name=\"twitter:card\" content=\"summary_large_image\" \/>\n<meta name=\"twitter:label1\" content=\"Est. reading time\" \/>\n\t<meta name=\"twitter:data1\" content=\"15 minutes\" \/>\n<script type=\"application\/ld+json\" class=\"yoast-schema-graph\">{\"@context\":\"https:\\\/\\\/schema.org\",\"@graph\":[{\"@type\":\"WebPage\",\"@id\":\"https:\\\/\\\/www.meininger-jumpsuits.de\\\/en\\\/shipping-costs\\\/\",\"url\":\"https:\\\/\\\/www.meininger-jumpsuits.de\\\/en\\\/shipping-costs\\\/\",\"name\":\"Shipping costs - MEININGER JUMPSUITS\",\"isPartOf\":{\"@id\":\"https:\\\/\\\/www.meininger-jumpsuits.de\\\/en\\\/#website\"},\"datePublished\":\"2024-11-04T13:59:47+00:00\",\"dateModified\":\"2024-11-15T14:53:11+00:00\",\"breadcrumb\":{\"@id\":\"https:\\\/\\\/www.meininger-jumpsuits.de\\\/en\\\/shipping-costs\\\/#breadcrumb\"},\"inLanguage\":\"en-US\",\"potentialAction\":[{\"@type\":\"ReadAction\",\"target\":[\"https:\\\/\\\/www.meininger-jumpsuits.de\\\/en\\\/shipping-costs\\\/\"]}]},{\"@type\":\"BreadcrumbList\",\"@id\":\"https:\\\/\\\/www.meininger-jumpsuits.de\\\/en\\\/shipping-costs\\\/#breadcrumb\",\"itemListElement\":[{\"@type\":\"ListItem\",\"position\":1,\"name\":\"Startseite\",\"item\":\"https:\\\/\\\/www.meininger-jumpsuits.de\\\/en\\\/\"},{\"@type\":\"ListItem\",\"position\":2,\"name\":\"Shipping costs\"}]},{\"@type\":\"WebSite\",\"@id\":\"https:\\\/\\\/www.meininger-jumpsuits.de\\\/en\\\/#website\",\"url\":\"https:\\\/\\\/www.meininger-jumpsuits.de\\\/en\\\/\",\"name\":\"MEININGER JUMPSUITS\",\"description\":\"Skispringeranz\u00fcge, Ski Jump Suits, Anz\u00fcge f\u00fcr Skispringer\",\"publisher\":{\"@id\":\"https:\\\/\\\/www.meininger-jumpsuits.de\\\/en\\\/#organization\"},\"potentialAction\":[{\"@type\":\"SearchAction\",\"target\":{\"@type\":\"EntryPoint\",\"urlTemplate\":\"https:\\\/\\\/www.meininger-jumpsuits.de\\\/en\\\/?s={search_term_string}\"},\"query-input\":{\"@type\":\"PropertyValueSpecification\",\"valueRequired\":true,\"valueName\":\"search_term_string\"}}],\"inLanguage\":\"en-US\"},{\"@type\":\"Organization\",\"@id\":\"https:\\\/\\\/www.meininger-jumpsuits.de\\\/en\\\/#organization\",\"name\":\"MEININGER JUMPSUITS\",\"url\":\"https:\\\/\\\/www.meininger-jumpsuits.de\\\/en\\\/\",\"logo\":{\"@type\":\"ImageObject\",\"inLanguage\":\"en-US\",\"@id\":\"https:\\\/\\\/www.meininger-jumpsuits.de\\\/en\\\/#\\\/schema\\\/logo\\\/image\\\/\",\"url\":\"https:\\\/\\\/www.meininger-jumpsuits.de\\\/wp-content\\\/uploads\\\/2024\\\/10\\\/logo_meininger_600px.png\",\"contentUrl\":\"https:\\\/\\\/www.meininger-jumpsuits.de\\\/wp-content\\\/uploads\\\/2024\\\/10\\\/logo_meininger_600px.png\",\"width\":600,\"height\":114,\"caption\":\"MEININGER JUMPSUITS\"},\"image\":{\"@id\":\"https:\\\/\\\/www.meininger-jumpsuits.de\\\/en\\\/#\\\/schema\\\/logo\\\/image\\\/\"}}]}<\/script>\n<!-- \/ Yoast SEO plugin. -->","yoast_head_json":{"title":"Shipping costs - MEININGER JUMPSUITS","robots":{"index":"index","follow":"follow","max-snippet":"max-snippet:-1","max-image-preview":"max-image-preview:large","max-video-preview":"max-video-preview:-1"},"canonical":"https:\/\/www.meininger-jumpsuits.de\/en\/shipping-costs\/","og_locale":"en_US","og_type":"article","og_title":"Shipping costs - MEININGER JUMPSUITS","og_url":"https:\/\/www.meininger-jumpsuits.de\/en\/shipping-costs\/","og_site_name":"MEININGER JUMPSUITS","article_modified_time":"2024-11-15T14:53:11+00:00","twitter_card":"summary_large_image","twitter_misc":{"Est. reading time":"15 minutes"},"schema":{"@context":"https:\/\/schema.org","@graph":[{"@type":"WebPage","@id":"https:\/\/www.meininger-jumpsuits.de\/en\/shipping-costs\/","url":"https:\/\/www.meininger-jumpsuits.de\/en\/shipping-costs\/","name":"Shipping costs - MEININGER JUMPSUITS","isPartOf":{"@id":"https:\/\/www.meininger-jumpsuits.de\/en\/#website"},"datePublished":"2024-11-04T13:59:47+00:00","dateModified":"2024-11-15T14:53:11+00:00","breadcrumb":{"@id":"https:\/\/www.meininger-jumpsuits.de\/en\/shipping-costs\/#breadcrumb"},"inLanguage":"en-US","potentialAction":[{"@type":"ReadAction","target":["https:\/\/www.meininger-jumpsuits.de\/en\/shipping-costs\/"]}]},{"@type":"BreadcrumbList","@id":"https:\/\/www.meininger-jumpsuits.de\/en\/shipping-costs\/#breadcrumb","itemListElement":[{"@type":"ListItem","position":1,"name":"Startseite","item":"https:\/\/www.meininger-jumpsuits.de\/en\/"},{"@type":"ListItem","position":2,"name":"Shipping costs"}]},{"@type":"WebSite","@id":"https:\/\/www.meininger-jumpsuits.de\/en\/#website","url":"https:\/\/www.meininger-jumpsuits.de\/en\/","name":"MEININGER JUMPSUITS","description":"Skispringeranz\u00fcge, Ski Jump Suits, Anz\u00fcge f\u00fcr Skispringer","publisher":{"@id":"https:\/\/www.meininger-jumpsuits.de\/en\/#organization"},"potentialAction":[{"@type":"SearchAction","target":{"@type":"EntryPoint","urlTemplate":"https:\/\/www.meininger-jumpsuits.de\/en\/?s={search_term_string}"},"query-input":{"@type":"PropertyValueSpecification","valueRequired":true,"valueName":"search_term_string"}}],"inLanguage":"en-US"},{"@type":"Organization","@id":"https:\/\/www.meininger-jumpsuits.de\/en\/#organization","name":"MEININGER JUMPSUITS","url":"https:\/\/www.meininger-jumpsuits.de\/en\/","logo":{"@type":"ImageObject","inLanguage":"en-US","@id":"https:\/\/www.meininger-jumpsuits.de\/en\/#\/schema\/logo\/image\/","url":"https:\/\/www.meininger-jumpsuits.de\/wp-content\/uploads\/2024\/10\/logo_meininger_600px.png","contentUrl":"https:\/\/www.meininger-jumpsuits.de\/wp-content\/uploads\/2024\/10\/logo_meininger_600px.png","width":600,"height":114,"caption":"MEININGER JUMPSUITS"},"image":{"@id":"https:\/\/www.meininger-jumpsuits.de\/en\/#\/schema\/logo\/image\/"}}]}},"_links":{"self":[{"href":"https:\/\/www.meininger-jumpsuits.de\/en\/wp-json\/wp\/v2\/pages\/1287","targetHints":{"allow":["GET"]}}],"collection":[{"href":"https:\/\/www.meininger-jumpsuits.de\/en\/wp-json\/wp\/v2\/pages"}],"about":[{"href":"https:\/\/www.meininger-jumpsuits.de\/en\/wp-json\/wp\/v2\/types\/page"}],"author":[{"embeddable":true,"href":"https:\/\/www.meininger-jumpsuits.de\/en\/wp-json\/wp\/v2\/users\/1"}],"replies":[{"embeddable":true,"href":"https:\/\/www.meininger-jumpsuits.de\/en\/wp-json\/wp\/v2\/comments?post=1287"}],"version-history":[{"count":2,"href":"https:\/\/www.meininger-jumpsuits.de\/en\/wp-json\/wp\/v2\/pages\/1287\/revisions"}],"predecessor-version":[{"id":1290,"href":"https:\/\/www.meininger-jumpsuits.de\/en\/wp-json\/wp\/v2\/pages\/1287\/revisions\/1290"}],"wp:attachment":[{"href":"https:\/\/www.meininger-jumpsuits.de\/en\/wp-json\/wp\/v2\/media?parent=1287"}],"curies":[{"name":"wp","href":"https:\/\/api.w.org\/{rel}","templated":true}]}}