{"id":1279,"date":"2024-10-28T13:11:12","date_gmt":"2024-10-28T12:11:12","guid":{"rendered":"https:\/\/www.meininger-jumpsuits.de\/showroom\/undersuit-fis\/"},"modified":"2024-11-18T11:46:04","modified_gmt":"2024-11-18T10:46:04","slug":"undersuit-fis","status":"publish","type":"page","link":"https:\/\/www.meininger-jumpsuits.de\/en\/showroom\/undersuit-fis\/","title":{"rendered":"Undersuit FIS"},"content":{"rendered":"<p><div class=\"fusion-fullwidth fullwidth-box fusion-builder-row-1 fusion-flex-container has-pattern-background has-mask-background nonhundred-percent-fullwidth non-hundred-percent-height-scrolling\" style=\"--awb-border-radius-top-left:0px;--awb-border-radius-top-right:0px;--awb-border-radius-bottom-right:0px;--awb-border-radius-bottom-left:0px;--awb-flex-wrap:wrap;\" ><div class=\"fusion-builder-row fusion-row fusion-flex-align-items-flex-start fusion-flex-content-wrap\" style=\"max-width:1248px;margin-left: calc(-4% \/ 2 );margin-right: calc(-4% \/ 2 );\"><div class=\"fusion-layout-column fusion_builder_column fusion-builder-column-0 fusion_builder_column_1_1 1_1 fusion-flex-column\" style=\"--awb-bg-size:cover;--awb-width-large:100%;--awb-margin-top-large:0px;--awb-spacing-right-large:1.92%;--awb-margin-bottom-large:20px;--awb-spacing-left-large:1.92%;--awb-width-medium:100%;--awb-order-medium:0;--awb-spacing-right-medium:1.92%;--awb-spacing-left-medium:1.92%;--awb-width-small:100%;--awb-order-small:0;--awb-spacing-right-small:1.92%;--awb-spacing-left-small:1.92%;\"><div class=\"fusion-column-wrapper fusion-column-has-shadow fusion-flex-justify-content-flex-start fusion-content-layout-column\"><div class=\"fusion-title title fusion-title-1 fusion-sep-none fusion-title-text fusion-title-size-one\" style=\"--awb-margin-top-small:10px;--awb-margin-right-small:0px;--awb-margin-bottom-small:10px;--awb-margin-left-small:0px;\"><h1 class=\"fusion-title-heading title-heading-left fusion-responsive-typography-calculated\" style=\"margin:0;--fontSize:50;line-height:var(--awb-typography1-line-height);\">Showroom | Undersuit FIS<\/h1><\/div><\/div><\/div><\/div><\/div><div class=\"fusion-fullwidth fullwidth-box fusion-builder-row-2 fusion-flex-container has-pattern-background has-mask-background nonhundred-percent-fullwidth non-hundred-percent-height-scrolling\" style=\"--awb-border-radius-top-left:0px;--awb-border-radius-top-right:0px;--awb-border-radius-bottom-right:0px;--awb-border-radius-bottom-left:0px;--awb-flex-wrap:wrap;\" ><div class=\"fusion-builder-row fusion-row fusion-flex-align-items-flex-start fusion-flex-content-wrap\" style=\"max-width:1248px;margin-left: calc(-4% \/ 2 );margin-right: calc(-4% \/ 2 );\"><div class=\"fusion-layout-column fusion_builder_column fusion-builder-column-1 fusion_builder_column_1_2 1_2 fusion-flex-column\" style=\"--awb-bg-size:cover;--awb-width-large:50%;--awb-margin-top-large:0px;--awb-spacing-right-large:3.84%;--awb-margin-bottom-large:20px;--awb-spacing-left-large:3.84%;--awb-width-medium:50%;--awb-order-medium:0;--awb-spacing-right-medium:3.84%;--awb-spacing-left-medium:3.84%;--awb-width-small:100%;--awb-order-small:0;--awb-spacing-right-small:1.92%;--awb-spacing-left-small:1.92%;\"><div class=\"fusion-column-wrapper fusion-column-has-shadow fusion-flex-justify-content-flex-start fusion-content-layout-column\"><div class=\"awb-gallery-wrapper awb-gallery-wrapper-1 button-span-no\" style=\"--more-btn-alignment:center;\"><div style=\"margin:-5px;--awb-aspect-ratio:1 \/ 1;--awb-bordersize:0px;\" class=\"fusion-gallery fusion-gallery-container fusion-grid-2 fusion-columns-total-4 fusion-gallery-layout-grid fusion-gallery-1 has-aspect-ratio\"><div style=\"padding:5px;\" class=\"fusion-grid-column fusion-gallery-column fusion-gallery-column-2 hover-type-zoomin\"><div class=\"fusion-gallery-image\"><a href=\"https:\/\/www.meininger-jumpsuits.de\/wp-content\/uploads\/2024\/10\/unteranzug-fis_01.jpg\" rel=\"noreferrer\" data-rel=\"iLightbox[gallery_image_1]\" class=\"fusion-lightbox\" target=\"_self\"><img decoding=\"async\" src=\"https:\/\/www.meininger-jumpsuits.de\/wp-content\/uploads\/2024\/10\/unteranzug-fis_01.jpg\" data-orig-src=\"https:\/\/www.meininger-jumpsuits.de\/wp-content\/uploads\/2024\/10\/unteranzug-fis_01.jpg\" width=\"960\" height=\"1280\" alt=\"\" title=\"undersuit-fis_01\" aria-label=\"undersuit-fis_01\" class=\"lazyload img-responsive wp-image-523\" srcset=\"data:image\/svg+xml,%3Csvg%20xmlns%3D%27http%3A%2F%2Fwww.w3.org%2F2000%2Fsvg%27%20width%3D%27960%27%20height%3D%271280%27%20viewBox%3D%270%200%20960%201280%27%3E%3Crect%20width%3D%27960%27%20height%3D%271280%27%20fill-opacity%3D%220%22%2F%3E%3C%2Fsvg%3E\" data-srcset=\"https:\/\/www.meininger-jumpsuits.de\/wp-content\/uploads\/2024\/10\/unteranzug-fis_01-200x267.jpg 200w, https:\/\/www.meininger-jumpsuits.de\/wp-content\/uploads\/2024\/10\/unteranzug-fis_01-400x533.jpg 400w, https:\/\/www.meininger-jumpsuits.de\/wp-content\/uploads\/2024\/10\/unteranzug-fis_01-600x800.jpg 600w, https:\/\/www.meininger-jumpsuits.de\/wp-content\/uploads\/2024\/10\/unteranzug-fis_01-800x1067.jpg 800w, https:\/\/www.meininger-jumpsuits.de\/wp-content\/uploads\/2024\/10\/unteranzug-fis_01.jpg 960w\" data-sizes=\"auto\" data-orig-sizes=\"(min-width: 2200px) 100vw, (min-width: 712px) 598px, (min-width: 640px) 712px, \" \/><\/a><\/div><\/div><div style=\"padding:5px;\" class=\"fusion-grid-column fusion-gallery-column fusion-gallery-column-2 hover-type-zoomin\"><div class=\"fusion-gallery-image\"><a href=\"https:\/\/www.meininger-jumpsuits.de\/wp-content\/uploads\/2024\/10\/unteranzug-fis_02.jpg\" rel=\"noreferrer\" data-rel=\"iLightbox[gallery_image_1]\" class=\"fusion-lightbox\" target=\"_self\"><img decoding=\"async\" src=\"https:\/\/www.meininger-jumpsuits.de\/wp-content\/uploads\/2024\/10\/unteranzug-fis_02.jpg\" data-orig-src=\"https:\/\/www.meininger-jumpsuits.de\/wp-content\/uploads\/2024\/10\/unteranzug-fis_02.jpg\" width=\"960\" height=\"1280\" alt=\"\" title=\"undersuit-fis_02\" aria-label=\"undersuit-fis_02\" class=\"lazyload img-responsive wp-image-524\" srcset=\"data:image\/svg+xml,%3Csvg%20xmlns%3D%27http%3A%2F%2Fwww.w3.org%2F2000%2Fsvg%27%20width%3D%27960%27%20height%3D%271280%27%20viewBox%3D%270%200%20960%201280%27%3E%3Crect%20width%3D%27960%27%20height%3D%271280%27%20fill-opacity%3D%220%22%2F%3E%3C%2Fsvg%3E\" data-srcset=\"https:\/\/www.meininger-jumpsuits.de\/wp-content\/uploads\/2024\/10\/unteranzug-fis_02-200x267.jpg 200w, https:\/\/www.meininger-jumpsuits.de\/wp-content\/uploads\/2024\/10\/unteranzug-fis_02-400x533.jpg 400w, https:\/\/www.meininger-jumpsuits.de\/wp-content\/uploads\/2024\/10\/unteranzug-fis_02-600x800.jpg 600w, https:\/\/www.meininger-jumpsuits.de\/wp-content\/uploads\/2024\/10\/unteranzug-fis_02-800x1067.jpg 800w, https:\/\/www.meininger-jumpsuits.de\/wp-content\/uploads\/2024\/10\/unteranzug-fis_02.jpg 960w\" data-sizes=\"auto\" data-orig-sizes=\"(min-width: 2200px) 100vw, (min-width: 712px) 598px, (min-width: 640px) 712px, \" \/><\/a><\/div><\/div><div class=\"clearfix\"><\/div><div style=\"padding:5px;\" class=\"fusion-grid-column fusion-gallery-column fusion-gallery-column-2 hover-type-zoomin\"><div class=\"fusion-gallery-image\"><a href=\"https:\/\/www.meininger-jumpsuits.de\/wp-content\/uploads\/2024\/10\/unteranzug-fis_03.jpg\" rel=\"noreferrer\" data-rel=\"iLightbox[gallery_image_1]\" class=\"fusion-lightbox\" target=\"_self\"><img decoding=\"async\" src=\"https:\/\/www.meininger-jumpsuits.de\/wp-content\/uploads\/2024\/10\/unteranzug-fis_03.jpg\" data-orig-src=\"https:\/\/www.meininger-jumpsuits.de\/wp-content\/uploads\/2024\/10\/unteranzug-fis_03.jpg\" width=\"960\" height=\"1280\" alt=\"\" title=\"undersuit-fis_03\" aria-label=\"undersuit-fis_03\" class=\"lazyload img-responsive wp-image-525\" srcset=\"data:image\/svg+xml,%3Csvg%20xmlns%3D%27http%3A%2F%2Fwww.w3.org%2F2000%2Fsvg%27%20width%3D%27960%27%20height%3D%271280%27%20viewBox%3D%270%200%20960%201280%27%3E%3Crect%20width%3D%27960%27%20height%3D%271280%27%20fill-opacity%3D%220%22%2F%3E%3C%2Fsvg%3E\" data-srcset=\"https:\/\/www.meininger-jumpsuits.de\/wp-content\/uploads\/2024\/10\/unteranzug-fis_03-200x267.jpg 200w, https:\/\/www.meininger-jumpsuits.de\/wp-content\/uploads\/2024\/10\/unteranzug-fis_03-400x533.jpg 400w, https:\/\/www.meininger-jumpsuits.de\/wp-content\/uploads\/2024\/10\/unteranzug-fis_03-600x800.jpg 600w, https:\/\/www.meininger-jumpsuits.de\/wp-content\/uploads\/2024\/10\/unteranzug-fis_03-800x1067.jpg 800w, https:\/\/www.meininger-jumpsuits.de\/wp-content\/uploads\/2024\/10\/unteranzug-fis_03.jpg 960w\" data-sizes=\"auto\" data-orig-sizes=\"(min-width: 2200px) 100vw, (min-width: 712px) 598px, (min-width: 640px) 712px, \" \/><\/a><\/div><\/div><div style=\"padding:5px;\" class=\"fusion-grid-column fusion-gallery-column fusion-gallery-column-2 hover-type-zoomin\"><div class=\"fusion-gallery-image\"><a href=\"https:\/\/www.meininger-jumpsuits.de\/wp-content\/uploads\/2024\/10\/unteranzug-fis_04.jpg\" rel=\"noreferrer\" data-rel=\"iLightbox[gallery_image_1]\" class=\"fusion-lightbox\" target=\"_self\"><img decoding=\"async\" src=\"https:\/\/www.meininger-jumpsuits.de\/wp-content\/uploads\/2024\/10\/unteranzug-fis_04.jpg\" data-orig-src=\"https:\/\/www.meininger-jumpsuits.de\/wp-content\/uploads\/2024\/10\/unteranzug-fis_04.jpg\" width=\"960\" height=\"1280\" alt=\"\" title=\"undersuit-fis_04\" aria-label=\"undersuit-fis_04\" class=\"lazyload img-responsive wp-image-526\" srcset=\"data:image\/svg+xml,%3Csvg%20xmlns%3D%27http%3A%2F%2Fwww.w3.org%2F2000%2Fsvg%27%20width%3D%27960%27%20height%3D%271280%27%20viewBox%3D%270%200%20960%201280%27%3E%3Crect%20width%3D%27960%27%20height%3D%271280%27%20fill-opacity%3D%220%22%2F%3E%3C%2Fsvg%3E\" data-srcset=\"https:\/\/www.meininger-jumpsuits.de\/wp-content\/uploads\/2024\/10\/unteranzug-fis_04-200x267.jpg 200w, https:\/\/www.meininger-jumpsuits.de\/wp-content\/uploads\/2024\/10\/unteranzug-fis_04-400x533.jpg 400w, https:\/\/www.meininger-jumpsuits.de\/wp-content\/uploads\/2024\/10\/unteranzug-fis_04-600x800.jpg 600w, https:\/\/www.meininger-jumpsuits.de\/wp-content\/uploads\/2024\/10\/unteranzug-fis_04-800x1067.jpg 800w, https:\/\/www.meininger-jumpsuits.de\/wp-content\/uploads\/2024\/10\/unteranzug-fis_04.jpg 960w\" data-sizes=\"auto\" data-orig-sizes=\"(min-width: 2200px) 100vw, (min-width: 712px) 598px, (min-width: 640px) 712px, \" \/><\/a><\/div><\/div><div class=\"clearfix\"><\/div><\/div><\/div><\/div><\/div><div class=\"fusion-layout-column fusion_builder_column fusion-builder-column-2 fusion_builder_column_1_2 1_2 fusion-flex-column\" style=\"--awb-bg-size:cover;--awb-width-large:50%;--awb-margin-top-large:0px;--awb-spacing-right-large:3.84%;--awb-margin-bottom-large:20px;--awb-spacing-left-large:3.84%;--awb-width-medium:50%;--awb-order-medium:0;--awb-spacing-right-medium:3.84%;--awb-spacing-left-medium:3.84%;--awb-width-small:100%;--awb-order-small:0;--awb-spacing-right-small:1.92%;--awb-spacing-left-small:1.92%;\"><div class=\"fusion-column-wrapper fusion-column-has-shadow fusion-flex-justify-content-flex-start fusion-content-layout-column\"><div class=\"fusion-title title fusion-title-2 fusion-sep-none fusion-title-text fusion-title-size-three\" style=\"--awb-margin-top:0px;--awb-margin-top-small:10px;--awb-margin-right-small:0px;--awb-margin-bottom-small:10px;--awb-margin-left-small:0px;\"><h3 class=\"fusion-title-heading title-heading-left fusion-responsive-typography-calculated\" style=\"margin:0;--fontSize:40;line-height:var(--awb-typography1-line-height);\">Description:<\/h3><\/div><div class=\"fusion-text fusion-text-1\"><ul>\n<li>Cut and texture FIS-regulated<\/li>\n<li>for men and women (unisex)<\/li>\n<li>Fully washable<\/li>\n<li>2-piece with graphic prints<\/li>\n<li>Color: Black\/Anthracite<\/li>\n<\/ul>\n<\/div><div class=\"fusion-title title fusion-title-3 fusion-sep-none fusion-title-text fusion-title-size-three\" style=\"--awb-margin-top-small:10px;--awb-margin-right-small:0px;--awb-margin-bottom-small:10px;--awb-margin-left-small:0px;\"><h3 class=\"fusion-title-heading title-heading-left fusion-responsive-typography-calculated\" style=\"margin:0;--fontSize:40;line-height:var(--awb-typography1-line-height);\">Sizes:<\/h3><\/div><div class=\"fusion-text fusion-text-2\"><p>XS | S | M | L<\/p>\n<\/div><div class=\"fusion-title title fusion-title-4 fusion-sep-none fusion-title-text fusion-title-size-three\" style=\"--awb-margin-top-small:10px;--awb-margin-right-small:0px;--awb-margin-bottom-small:10px;--awb-margin-left-small:0px;\"><h3 class=\"fusion-title-heading title-heading-left fusion-responsive-typography-calculated\" style=\"margin:0;--fontSize:40;line-height:var(--awb-typography1-line-height);\">Prices:<\/h3><\/div><div class=\"fusion-text fusion-text-3\"><p>Sizes XS and S: \u20ac 90.00 + VAT<br \/>\nSizes M and L: \u20ac 100.00 + VAT.<\/p>\n<\/div><div ><a class=\"fusion-button button-flat fusion-button-default-size button-default fusion-button-default button-1 fusion-button-span-yes fusion-button-default-type\" style=\"--awb-margin-top:20px;\" target=\"_self\" href=\"\/en\/produkt\/fis-undersuit\/\"><i class=\"fa-angle-double-right fas awb-button__icon awb-button__icon--default button-icon-left\" aria-hidden=\"true\"><\/i><span class=\"fusion-button-text awb-button__text awb-button__text--default\">To order FIS undersuit<\/span><\/a><\/div><\/div><\/div><\/div><\/div><\/p>\n","protected":false},"excerpt":{"rendered":"","protected":false},"author":1,"featured_media":0,"parent":1274,"menu_order":0,"comment_status":"closed","ping_status":"closed","template":"100-width.php","meta":{"footnotes":""},"class_list":["post-1279","page","type-page","status-publish","hentry"],"yoast_head":"<!-- This site is optimized with the Yoast SEO plugin v27.3 - https:\/\/yoast.com\/product\/yoast-seo-wordpress\/ -->\n<title>Undersuit FIS - MEININGER JUMPSUITS<\/title>\n<meta name=\"robots\" content=\"index, follow, max-snippet:-1, max-image-preview:large, max-video-preview:-1\" \/>\n<link rel=\"canonical\" href=\"https:\/\/www.meininger-jumpsuits.de\/en\/showroom\/undersuit-fis\/\" \/>\n<meta property=\"og:locale\" content=\"en_US\" \/>\n<meta property=\"og:type\" content=\"article\" \/>\n<meta property=\"og:title\" content=\"Undersuit FIS - MEININGER JUMPSUITS\" \/>\n<meta property=\"og:url\" content=\"https:\/\/www.meininger-jumpsuits.de\/en\/showroom\/undersuit-fis\/\" \/>\n<meta property=\"og:site_name\" content=\"MEININGER JUMPSUITS\" \/>\n<meta property=\"article:modified_time\" content=\"2024-11-18T10:46:04+00:00\" \/>\n<meta name=\"twitter:card\" content=\"summary_large_image\" \/>\n<meta name=\"twitter:label1\" content=\"Est. reading time\" \/>\n\t<meta name=\"twitter:data1\" content=\"20 minutes\" \/>\n<script type=\"application\/ld+json\" class=\"yoast-schema-graph\">{\"@context\":\"https:\\\/\\\/schema.org\",\"@graph\":[{\"@type\":\"WebPage\",\"@id\":\"https:\\\/\\\/www.meininger-jumpsuits.de\\\/en\\\/showroom\\\/undersuit-fis\\\/\",\"url\":\"https:\\\/\\\/www.meininger-jumpsuits.de\\\/en\\\/showroom\\\/undersuit-fis\\\/\",\"name\":\"Undersuit FIS - MEININGER JUMPSUITS\",\"isPartOf\":{\"@id\":\"https:\\\/\\\/www.meininger-jumpsuits.de\\\/en\\\/#website\"},\"datePublished\":\"2024-10-28T12:11:12+00:00\",\"dateModified\":\"2024-11-18T10:46:04+00:00\",\"breadcrumb\":{\"@id\":\"https:\\\/\\\/www.meininger-jumpsuits.de\\\/en\\\/showroom\\\/undersuit-fis\\\/#breadcrumb\"},\"inLanguage\":\"en-US\",\"potentialAction\":[{\"@type\":\"ReadAction\",\"target\":[\"https:\\\/\\\/www.meininger-jumpsuits.de\\\/en\\\/showroom\\\/undersuit-fis\\\/\"]}]},{\"@type\":\"BreadcrumbList\",\"@id\":\"https:\\\/\\\/www.meininger-jumpsuits.de\\\/en\\\/showroom\\\/undersuit-fis\\\/#breadcrumb\",\"itemListElement\":[{\"@type\":\"ListItem\",\"position\":1,\"name\":\"Startseite\",\"item\":\"https:\\\/\\\/www.meininger-jumpsuits.de\\\/en\\\/\"},{\"@type\":\"ListItem\",\"position\":2,\"name\":\"Showroom\",\"item\":\"https:\\\/\\\/www.meininger-jumpsuits.de\\\/en\\\/showroom\\\/\"},{\"@type\":\"ListItem\",\"position\":3,\"name\":\"Undersuit FIS\"}]},{\"@type\":\"WebSite\",\"@id\":\"https:\\\/\\\/www.meininger-jumpsuits.de\\\/en\\\/#website\",\"url\":\"https:\\\/\\\/www.meininger-jumpsuits.de\\\/en\\\/\",\"name\":\"MEININGER JUMPSUITS\",\"description\":\"Skispringeranz\u00fcge, Ski Jump Suits, Anz\u00fcge f\u00fcr Skispringer\",\"publisher\":{\"@id\":\"https:\\\/\\\/www.meininger-jumpsuits.de\\\/en\\\/#organization\"},\"potentialAction\":[{\"@type\":\"SearchAction\",\"target\":{\"@type\":\"EntryPoint\",\"urlTemplate\":\"https:\\\/\\\/www.meininger-jumpsuits.de\\\/en\\\/?s={search_term_string}\"},\"query-input\":{\"@type\":\"PropertyValueSpecification\",\"valueRequired\":true,\"valueName\":\"search_term_string\"}}],\"inLanguage\":\"en-US\"},{\"@type\":\"Organization\",\"@id\":\"https:\\\/\\\/www.meininger-jumpsuits.de\\\/en\\\/#organization\",\"name\":\"MEININGER JUMPSUITS\",\"url\":\"https:\\\/\\\/www.meininger-jumpsuits.de\\\/en\\\/\",\"logo\":{\"@type\":\"ImageObject\",\"inLanguage\":\"en-US\",\"@id\":\"https:\\\/\\\/www.meininger-jumpsuits.de\\\/en\\\/#\\\/schema\\\/logo\\\/image\\\/\",\"url\":\"https:\\\/\\\/www.meininger-jumpsuits.de\\\/wp-content\\\/uploads\\\/2024\\\/10\\\/logo_meininger_600px.png\",\"contentUrl\":\"https:\\\/\\\/www.meininger-jumpsuits.de\\\/wp-content\\\/uploads\\\/2024\\\/10\\\/logo_meininger_600px.png\",\"width\":600,\"height\":114,\"caption\":\"MEININGER JUMPSUITS\"},\"image\":{\"@id\":\"https:\\\/\\\/www.meininger-jumpsuits.de\\\/en\\\/#\\\/schema\\\/logo\\\/image\\\/\"}}]}<\/script>\n<!-- \/ Yoast SEO plugin. -->","yoast_head_json":{"title":"Undersuit FIS - MEININGER JUMPSUITS","robots":{"index":"index","follow":"follow","max-snippet":"max-snippet:-1","max-image-preview":"max-image-preview:large","max-video-preview":"max-video-preview:-1"},"canonical":"https:\/\/www.meininger-jumpsuits.de\/en\/showroom\/undersuit-fis\/","og_locale":"en_US","og_type":"article","og_title":"Undersuit FIS - MEININGER JUMPSUITS","og_url":"https:\/\/www.meininger-jumpsuits.de\/en\/showroom\/undersuit-fis\/","og_site_name":"MEININGER JUMPSUITS","article_modified_time":"2024-11-18T10:46:04+00:00","twitter_card":"summary_large_image","twitter_misc":{"Est. reading time":"20 minutes"},"schema":{"@context":"https:\/\/schema.org","@graph":[{"@type":"WebPage","@id":"https:\/\/www.meininger-jumpsuits.de\/en\/showroom\/undersuit-fis\/","url":"https:\/\/www.meininger-jumpsuits.de\/en\/showroom\/undersuit-fis\/","name":"Undersuit FIS - MEININGER JUMPSUITS","isPartOf":{"@id":"https:\/\/www.meininger-jumpsuits.de\/en\/#website"},"datePublished":"2024-10-28T12:11:12+00:00","dateModified":"2024-11-18T10:46:04+00:00","breadcrumb":{"@id":"https:\/\/www.meininger-jumpsuits.de\/en\/showroom\/undersuit-fis\/#breadcrumb"},"inLanguage":"en-US","potentialAction":[{"@type":"ReadAction","target":["https:\/\/www.meininger-jumpsuits.de\/en\/showroom\/undersuit-fis\/"]}]},{"@type":"BreadcrumbList","@id":"https:\/\/www.meininger-jumpsuits.de\/en\/showroom\/undersuit-fis\/#breadcrumb","itemListElement":[{"@type":"ListItem","position":1,"name":"Startseite","item":"https:\/\/www.meininger-jumpsuits.de\/en\/"},{"@type":"ListItem","position":2,"name":"Showroom","item":"https:\/\/www.meininger-jumpsuits.de\/en\/showroom\/"},{"@type":"ListItem","position":3,"name":"Undersuit FIS"}]},{"@type":"WebSite","@id":"https:\/\/www.meininger-jumpsuits.de\/en\/#website","url":"https:\/\/www.meininger-jumpsuits.de\/en\/","name":"MEININGER JUMPSUITS","description":"Skispringeranz\u00fcge, Ski Jump Suits, Anz\u00fcge f\u00fcr Skispringer","publisher":{"@id":"https:\/\/www.meininger-jumpsuits.de\/en\/#organization"},"potentialAction":[{"@type":"SearchAction","target":{"@type":"EntryPoint","urlTemplate":"https:\/\/www.meininger-jumpsuits.de\/en\/?s={search_term_string}"},"query-input":{"@type":"PropertyValueSpecification","valueRequired":true,"valueName":"search_term_string"}}],"inLanguage":"en-US"},{"@type":"Organization","@id":"https:\/\/www.meininger-jumpsuits.de\/en\/#organization","name":"MEININGER JUMPSUITS","url":"https:\/\/www.meininger-jumpsuits.de\/en\/","logo":{"@type":"ImageObject","inLanguage":"en-US","@id":"https:\/\/www.meininger-jumpsuits.de\/en\/#\/schema\/logo\/image\/","url":"https:\/\/www.meininger-jumpsuits.de\/wp-content\/uploads\/2024\/10\/logo_meininger_600px.png","contentUrl":"https:\/\/www.meininger-jumpsuits.de\/wp-content\/uploads\/2024\/10\/logo_meininger_600px.png","width":600,"height":114,"caption":"MEININGER JUMPSUITS"},"image":{"@id":"https:\/\/www.meininger-jumpsuits.de\/en\/#\/schema\/logo\/image\/"}}]}},"_links":{"self":[{"href":"https:\/\/www.meininger-jumpsuits.de\/en\/wp-json\/wp\/v2\/pages\/1279","targetHints":{"allow":["GET"]}}],"collection":[{"href":"https:\/\/www.meininger-jumpsuits.de\/en\/wp-json\/wp\/v2\/pages"}],"about":[{"href":"https:\/\/www.meininger-jumpsuits.de\/en\/wp-json\/wp\/v2\/types\/page"}],"author":[{"embeddable":true,"href":"https:\/\/www.meininger-jumpsuits.de\/en\/wp-json\/wp\/v2\/users\/1"}],"replies":[{"embeddable":true,"href":"https:\/\/www.meininger-jumpsuits.de\/en\/wp-json\/wp\/v2\/comments?post=1279"}],"version-history":[{"count":4,"href":"https:\/\/www.meininger-jumpsuits.de\/en\/wp-json\/wp\/v2\/pages\/1279\/revisions"}],"predecessor-version":[{"id":1826,"href":"https:\/\/www.meininger-jumpsuits.de\/en\/wp-json\/wp\/v2\/pages\/1279\/revisions\/1826"}],"up":[{"embeddable":true,"href":"https:\/\/www.meininger-jumpsuits.de\/en\/wp-json\/wp\/v2\/pages\/1274"}],"wp:attachment":[{"href":"https:\/\/www.meininger-jumpsuits.de\/en\/wp-json\/wp\/v2\/media?parent=1279"}],"curies":[{"name":"wp","href":"https:\/\/api.w.org\/{rel}","templated":true}]}}